{"id":56,"date":"2019-12-08T09:35:24","date_gmt":"2019-12-08T12:35:24","guid":{"rendered":"https:\/\/camaracalunga.com\/camaranotapaulista\/?page_id=56"},"modified":"2021-01-08T17:32:52","modified_gmt":"2021-01-08T20:32:52","slug":"historias","status":"publish","type":"page","link":"https:\/\/camaracalunga.com\/camaranotapaulista\/","title":{"rendered":"Hist\u00f3rias"},"content":{"rendered":"<p>[et_pb_section fb_built=&#8221;1&#8243; _builder_version=&#8221;4.0.7&#8243; custom_margin=&#8221;0px|0px|0px|0px|false|false&#8221; custom_padding=&#8221;0px|0px|0px|0px|false|false&#8221;][et_pb_row use_custom_gutter=&#8221;on&#8221; make_equal=&#8221;on&#8221; _builder_version=&#8221;4.0.7&#8243; width=&#8221;100%&#8221; max_width=&#8221;100%&#8221; custom_margin=&#8221;0px||0px||false|false&#8221; custom_padding=&#8221;0px|0px|0px|0px|false|false&#8221;][et_pb_column type=&#8221;4_4&#8243; _builder_version=&#8221;4.0.7&#8243;][et_pb_code _builder_version=&#8221;4.0.7&#8243;]\n\t\t<!-- MasterSlider -->\n\t\t<div id=\"P_MS69ea2089dc35f\" class=\"master-slider-parent msl ms-parent-id-2\" style=\"\">\n\n\t\t\t\n\t\t\t<!-- MasterSlider Main -->\n\t\t\t<div id=\"MS69ea2089dc35f\" class=\"master-slider ms-skin-light-3\" >\n\t\t\t\t \t\t\t\t \n\t\t\t\t<div  class=\"ms-slide\" data-delay=\"6\" data-fill-mode=\"fill\"  >\n\t\t\t\t\t<img decoding=\"async\" src=\"https:\/\/camaracalunga.com\/camaranotapaulista\/wp-content\/plugins\/master-slider\/public\/assets\/css\/blank.gif\" alt=\"\" title=\"\" data-src=\"https:\/\/camaracalunga.com\/camaranotapaulista\/wp-content\/uploads\/2019\/12\/banner-01.jpg\" \/>\n\t<a href=\"https:\/\/camaranotapaulista.com\/nota-paulista\/\"     ><\/a>\n\n\n\t<div class=\"ms-thumb\" ><div class=\"ms-tab-context\"><div class=\"&quot;ms-tab-context&quot;\"><\/div><\/div>\n<\/div>\n\t\t\t\t<\/div>\n\t\t\t\t<div  class=\"ms-slide\" data-delay=\"3\" data-fill-mode=\"fit\"  >\n\t\t\t\t\t<img decoding=\"async\" src=\"https:\/\/camaracalunga.com\/camaranotapaulista\/wp-content\/plugins\/master-slider\/public\/assets\/css\/blank.gif\" alt=\"\" title=\"\" data-src=\"https:\/\/camaracalunga.com\/camaranotapaulista\/wp-content\/uploads\/2019\/12\/banner-02.jpg\" \/>\n\t<a href=\"https:\/\/camaranotapaulista.com\/nota-paulista\/\"     ><\/a>\n\n\n\t<div class=\"ms-thumb\" ><div class=\"ms-tab-context\"><div class=\"&quot;ms-tab-context&quot;\"><\/div><\/div>\n<\/div>\n\t\t\t\t<\/div>\n\t\t\t\t<div  class=\"ms-slide\" data-delay=\"3\" data-fill-mode=\"fill\"  >\n\t\t\t\t\t<img decoding=\"async\" src=\"https:\/\/camaracalunga.com\/camaranotapaulista\/wp-content\/plugins\/master-slider\/public\/assets\/css\/blank.gif\" alt=\"\" title=\"\" data-src=\"https:\/\/camaracalunga.com\/camaranotapaulista\/wp-content\/uploads\/2019\/12\/banner-03.jpg\" \/>\n\t<a href=\"https:\/\/camaranotapaulista.com\/nota-paulista\/\"     ><\/a>\n\n\n\t<div class=\"ms-thumb\" ><div class=\"ms-tab-context\"><div class=\"&quot;ms-tab-context&quot;\"><\/div><\/div>\n<\/div>\n\t\t\t\t<\/div>\n\n\t\t\t<\/div>\n\t\t\t<!-- END MasterSlider Main -->\n\n\t\t\t \n\t\t<\/div>\n\t\t<!-- END MasterSlider -->\n\n\t\t<script>\n\t\t(function ( $ ) {\n\t\t\t\"use strict\";\n\n\t\t\t$(function () {\n\t\t\t\tvar masterslider_c35f = new MasterSlider();\n\n\t\t\t\t\/\/ slider controls\n\n\t\t\t\t\/\/ slider setup\n\t\t\t\tmasterslider_c35f.setup(\"MS69ea2089dc35f\", {\n\t\t\t\t\t\twidth           : 1366,\n\t\t\t\t\t\theight          : 600,\n\t\t\t\t\t\tminHeight       : 0,\n\t\t\t\t\t\tspace           : 0,\n\t\t\t\t\t\tstart           : 1,\n\t\t\t\t\t\tgrabCursor      : true,\n\t\t\t\t\t\tswipe           : true,\n\t\t\t\t\t\tmouse           : true,\n\t\t\t\t\t\tlayout          : \"fullwidth\",\n\t\t\t\t\t\twheel           : false,\n\t\t\t\t\t\tautoplay        : true,\n\t\t\t\t\t\tinstantStartLayers:false,\n\t\t\t\t\t\tloop            : true,\n\t\t\t\t\t\tshuffle         : false,\n\t\t\t\t\t\tpreload         : 0,\n\t\t\t\t\t\theightLimit     : true,\n\t\t\t\t\t\tautoHeight      : true,\n\t\t\t\t\t\tsmoothHeight    : true,\n\t\t\t\t\t\tendPause        : false,\n\t\t\t\t\t\toverPause       : false,\n\t\t\t\t\t\tfillMode        : \"fill\",\n\t\t\t\t\t\tcenterControls  : true,\n\t\t\t\t\t\tstartOnAppear   : false,\n\t\t\t\t\t\tlayersMode      : \"center\",\n\t\t\t\t\t\thideLayers      : false,\n\t\t\t\t\t\tfullscreenMargin: 0,\n\t\t\t\t\t\tspeed           : 15,\n\t\t\t\t\t\tdir             : \"h\",\n\t\t\t\t\t\tparallaxMode    : 'swipe',\n\t\t\t\t\t\tview            : \"basic\"\n\t\t\t\t});\n\n\t\t\t\t\n\t\t\t\twindow.masterslider_instances = window.masterslider_instances || [];\n\t\t\t\twindow.masterslider_instances.push( masterslider_c35f );\n\t\t\t });\n\n\t\t})(jQuery);\n\t\t<\/script>\n\n[\/et_pb_code][\/et_pb_column][\/et_pb_row][\/et_pb_section][et_pb_section fb_built=&#8221;1&#8243; _builder_version=&#8221;4.0.7&#8243; background_color=&#8221;#f5851f&#8221; custom_margin=&#8221;0px||||false|false&#8221;][et_pb_row _builder_version=&#8221;4.0.7&#8243; collapsed=&#8221;off&#8221;][et_pb_column type=&#8221;4_4&#8243; _builder_version=&#8221;4.0.7&#8243;][et_pb_text _builder_version=&#8221;4.7.7&#8243; text_text_color=&#8221;#ffffff&#8221; text_font_size=&#8221;18px&#8221; header_font=&#8221;||||||||&#8221; header_3_font=&#8221;||||on||||solid&#8221; header_3_text_color=&#8221;#ffffff&#8221; header_3_font_size=&#8221;36px&#8221; custom_margin=&#8221;||||false|false&#8221; hover_enabled=&#8221;0&#8243; sticky_enabled=&#8221;0&#8243;]<\/p>\n<h3 style=\"text-align: center;\">TRANSFORMANDO VIDAS<\/h3>\n<p style=\"text-align: center;\">O Instituto Camar\u00e1 apresenta uma s\u00e9rie de hist\u00f3rias reais e inspiradoras que d\u00e3o a dimens\u00e3o do impacto positivo que ele fez na vida de muita gente. Assista.<\/p>\n<p>[\/et_pb_text][\/et_pb_column][\/et_pb_row][et_pb_row _builder_version=&#8221;4.0.7&#8243; collapsed=&#8221;off&#8221;][et_pb_column type=&#8221;4_4&#8243; _builder_version=&#8221;4.0.7&#8243;][et_pb_video src=&#8221;https:\/\/www.youtube.com\/watch?v=B-wQKRsET7U&#8221; _builder_version=&#8221;4.0.7&#8243;][\/et_pb_video][et_pb_video src=&#8221;https:\/\/www.youtube.com\/watch?v=CU3CoVG2jfU&#8221; _builder_version=&#8221;4.0.7&#8243;][\/et_pb_video][et_pb_video src=&#8221;https:\/\/www.youtube.com\/watch?v=cU0dPBj8Gcg&#8221; _builder_version=&#8221;4.0.7&#8243;][\/et_pb_video][\/et_pb_column][\/et_pb_row][\/et_pb_section][et_pb_section fb_built=&#8221;1&#8243; _builder_version=&#8221;4.0.7&#8243; background_color=&#8221;#fcb913&#8243; custom_margin=&#8221;0px||||false|false&#8221; collapsed=&#8221;on&#8221;][et_pb_row _builder_version=&#8221;4.0.7&#8243; collapsed=&#8221;off&#8221;][et_pb_column type=&#8221;4_4&#8243; _builder_version=&#8221;4.0.7&#8243;][et_pb_text _builder_version=&#8221;4.7.7&#8243; text_text_color=&#8221;#ffffff&#8221; text_font_size=&#8221;18px&#8221; header_3_font=&#8221;||||on||||&#8221; header_3_text_color=&#8221;#ffffff&#8221; header_3_font_size=&#8221;36px&#8221; custom_margin=&#8221;||||false|false&#8221; hover_enabled=&#8221;0&#8243; sticky_enabled=&#8221;0&#8243;]<\/p>\n<h3 style=\"text-align: center;\">ATUA\u00c7\u00c3O PROPOSITIVA E EMBASADA<\/h3>\n<p style=\"text-align: center;\">O Instituto Camar\u00e1 utiliza meios como oficinas culturais, assembleias comunit\u00e1rias e grupos de estudo em parceria com escolas p\u00fablicas, universidades e institutos internacionais de pesquisa. E busca incidir nas pol\u00edticas p\u00fablicas de direitos humanos, atuando de forma propositiva e embasada.<\/p>\n<p>[\/et_pb_text][\/et_pb_column][\/et_pb_row][et_pb_row use_custom_gutter=&#8221;on&#8221; gutter_width=&#8221;1&#8243; disabled_on=&#8221;on|off|off&#8221; _builder_version=&#8221;4.0.7&#8243; collapsed=&#8221;off&#8221;][et_pb_column type=&#8221;4_4&#8243; _builder_version=&#8221;4.0.7&#8243;][et_pb_gallery gallery_ids=&#8221;146,147,148,149,150,151,152,153,154,155,156,157,158,159,160,161&#8243; posts_number=&#8221;8&#8243; show_title_and_caption=&#8221;off&#8221; zoom_icon_color=&#8221;rgba(0,0,0,0)&#8221; hover_overlay_color=&#8221;rgba(0,0,0,0.27)&#8221; _builder_version=&#8221;4.0.7&#8243;][\/et_pb_gallery][\/et_pb_column][\/et_pb_row][et_pb_row use_custom_gutter=&#8221;on&#8221; gutter_width=&#8221;1&#8243; disabled_on=&#8221;off|on|on&#8221; _builder_version=&#8221;4.0.7&#8243; collapsed=&#8221;off&#8221;][et_pb_column type=&#8221;4_4&#8243; _builder_version=&#8221;4.0.7&#8243;][et_pb_gallery gallery_ids=&#8221;146,147,148,149,150,151,152,153,154,155,156,157,158,159,160,161&#8243; posts_number=&#8221;3&#8243; show_title_and_caption=&#8221;off&#8221; zoom_icon_color=&#8221;rgba(0,0,0,0)&#8221; hover_overlay_color=&#8221;rgba(0,0,0,0.27)&#8221; _builder_version=&#8221;4.0.7&#8243;][\/et_pb_gallery][\/et_pb_column][\/et_pb_row][\/et_pb_section][et_pb_section fb_built=&#8221;1&#8243; _builder_version=&#8221;4.0.7&#8243; background_color=&#8221;#f5851f&#8221; custom_margin=&#8221;0px||||false|false&#8221; collapsed=&#8221;off&#8221;][et_pb_row _builder_version=&#8221;4.0.7&#8243; collapsed=&#8221;off&#8221;][et_pb_column type=&#8221;4_4&#8243; _builder_version=&#8221;4.0.7&#8243;][et_pb_text _builder_version=&#8221;4.7.7&#8243; text_text_color=&#8221;#ffffff&#8221; text_font_size=&#8221;18px&#8221; header_3_font=&#8221;||||on||||&#8221; header_3_text_color=&#8221;#ffffff&#8221; header_3_font_size=&#8221;36px&#8221; custom_margin=&#8221;||||false|false&#8221; hover_enabled=&#8221;0&#8243; sticky_enabled=&#8221;0&#8243;]<\/p>\n<h3 style=\"text-align: center;\">UM TRABALHO RECONHECIDO POR TODO O PA\u00cdS<\/h3>\n<p style=\"text-align: center;\">H\u00e1 mais de 20 anos, o Instituto Camar\u00e1 Calunga atua na promo\u00e7\u00e3o e defesa dos direitos humanos, em especial de crian\u00e7as e adolescentes. Fundado em S\u00e3o Vicente, tornou-se refer\u00eancia no atendimento e empoderamento de crian\u00e7as e adolescentes.<\/p>\n<p>[\/et_pb_text][\/et_pb_column][\/et_pb_row][et_pb_row column_structure=&#8221;2_5,3_5&#8243; _builder_version=&#8221;4.0.7&#8243; collapsed=&#8221;off&#8221;][et_pb_column type=&#8221;2_5&#8243; _builder_version=&#8221;4.0.7&#8243;][et_pb_image src=&#8221;https:\/\/camaracalunga.com\/camaranotapaulista\/wp-content\/uploads\/2019\/12\/premio.jpg&#8221; _builder_version=&#8221;4.0.7&#8243;][\/et_pb_image][\/et_pb_column][et_pb_column type=&#8221;3_5&#8243; _builder_version=&#8221;4.0.7&#8243;][et_pb_text _builder_version=&#8221;4.7.7&#8243; text_text_color=&#8221;#ffffff&#8221; text_font_size=&#8221;16px&#8221; header_text_color=&#8221;#ffffff&#8221; header_2_font=&#8221;|700|||||||&#8221; header_2_text_color=&#8221;#ffffff&#8221; hover_enabled=&#8221;0&#8243; sticky_enabled=&#8221;0&#8243;]<\/p>\n<h2>TRAJET\u00d3RIA PREMIADA<\/h2>\n<p>Por sua atua\u00e7\u00e3o, o Instituto Camar\u00e1 recebeu diversos pr\u00eamios e homenagens, sendo um dos mais importantes o XVIII Pr\u00eamio Nacional de Direitos Humanos (2015). O ano de 2019 foi muito especial para a Organiza\u00e7\u00e3o que recebeu os Pr\u00eamios Ponto de Cultura do Estado de S\u00e3o Paulo, o 11\u00ba Carrano de Luta Antimanicomial e o VIII Pr\u00eamio Patr\u00edcia Acioli de Direitos Humanos &#8211; categoria Pr\u00e1ticas Human\u00edsticas, da Associa\u00e7\u00e3o de Magistrados do Rio de Janeiro.<\/p>\n<p>\u00c9 uma das organiza\u00e7\u00f5es selecionadas pela Funda\u00e7\u00e3o Ita\u00fa Social para o programa Miss\u00e3o em Foco, de fortalecimento da sociedade civil.<\/p>\n<p>[\/et_pb_text][\/et_pb_column][\/et_pb_row][\/et_pb_section][et_pb_section fb_built=&#8221;1&#8243; _builder_version=&#8221;4.0.7&#8243; background_color=&#8221;#fcb913&#8243;][et_pb_row _builder_version=&#8221;4.0.7&#8243; module_alignment=&#8221;center&#8221;][et_pb_column type=&#8221;4_4&#8243; _builder_version=&#8221;4.0.7&#8243;][et_pb_image src=&#8221;https:\/\/camaracalunga.com\/camaranotapaulista\/wp-content\/uploads\/2019\/12\/banner-04.png&#8221; url=&#8221;https:\/\/camaracalunga.com\/camaranotapaulista\/nota-paulista\/&#8221; align=&#8221;center&#8221; _builder_version=&#8221;4.0.7&#8243; transform_scale=&#8221;89%|89%&#8221;][\/et_pb_image][et_pb_text _builder_version=&#8221;4.0.7&#8243; text_text_color=&#8221;#7c7c7c&#8221; text_font_size=&#8221;21px&#8221; custom_margin=&#8221;||11px|||&#8221; mix_blend_mode=&#8221;multiply&#8221;]<\/p>\n<p style=\"text-align: center;\">APOIO<\/p>\n<p>[\/et_pb_text][et_pb_image src=&#8221;https:\/\/camaracalunga.com\/camaranotapaulista\/wp-content\/uploads\/2019\/12\/itausocial2.png&#8221; align=&#8221;center&#8221; _builder_version=&#8221;4.0.7&#8243; transform_scale=&#8221;66%|66%&#8221; custom_padding=&#8221;0px|||||&#8221;][\/et_pb_image][\/et_pb_column][\/et_pb_row][\/et_pb_section]<\/p>\n","protected":false},"excerpt":{"rendered":"<p>\n\t\t<!-- MasterSlider -->\n\t\t<div id=\"P_MS69ea2089e063e\" class=\"master-slider-parent msl ms-parent-id-2\" style=\"\">\n\n\t\t\t\n\t\t\t<!-- MasterSlider Main -->\n\t\t\t<div id=\"MS69ea2089e063e\" class=\"master-slider ms-skin-light-3\" >\n\t\t\t\t \t\t\t\t \n\t\t\t\t<div  class=\"ms-slide\" data-delay=\"6\" data-fill-mode=\"fill\"  >\n\t\t\t\t\t<img decoding=\"async\" src=\"https:\/\/camaracalunga.com\/camaranotapaulista\/wp-content\/plugins\/master-slider\/public\/assets\/css\/blank.gif\" alt=\"\" title=\"\" data-src=\"https:\/\/camaracalunga.com\/camaranotapaulista\/wp-content\/uploads\/2019\/12\/banner-01.jpg\" \/>\n\t<a href=\"https:\/\/camaranotapaulista.com\/nota-paulista\/\"     ><\/a>\n\n\n\t<div class=\"ms-thumb\" ><div class=\"ms-tab-context\"><div class=\"&quot;ms-tab-context&quot;\"><\/div><\/div>\n<\/div>\n\t\t\t\t<\/div>\n\t\t\t\t<div  class=\"ms-slide\" data-delay=\"3\" data-fill-mode=\"fit\"  >\n\t\t\t\t\t<img decoding=\"async\" src=\"https:\/\/camaracalunga.com\/camaranotapaulista\/wp-content\/plugins\/master-slider\/public\/assets\/css\/blank.gif\" alt=\"\" title=\"\" data-src=\"https:\/\/camaracalunga.com\/camaranotapaulista\/wp-content\/uploads\/2019\/12\/banner-02.jpg\" \/>\n\t<a href=\"https:\/\/camaranotapaulista.com\/nota-paulista\/\"     ><\/a>\n\n\n\t<div class=\"ms-thumb\" ><div class=\"ms-tab-context\"><div class=\"&quot;ms-tab-context&quot;\"><\/div><\/div>\n<\/div>\n\t\t\t\t<\/div>\n\t\t\t\t<div  class=\"ms-slide\" data-delay=\"3\" data-fill-mode=\"fill\"  >\n\t\t\t\t\t<img decoding=\"async\" src=\"https:\/\/camaracalunga.com\/camaranotapaulista\/wp-content\/plugins\/master-slider\/public\/assets\/css\/blank.gif\" alt=\"\" title=\"\" data-src=\"https:\/\/camaracalunga.com\/camaranotapaulista\/wp-content\/uploads\/2019\/12\/banner-03.jpg\" \/>\n\t<a href=\"https:\/\/camaranotapaulista.com\/nota-paulista\/\"     ><\/a>\n\n\n\t<div class=\"ms-thumb\" ><div class=\"ms-tab-context\"><div class=\"&quot;ms-tab-context&quot;\"><\/div><\/div>\n<\/div>\n\t\t\t\t<\/div>\n\n\t\t\t<\/div>\n\t\t\t<!-- END MasterSlider Main -->\n\n\t\t\t \n\t\t<\/div>\n\t\t<!-- END MasterSlider -->\n\n\t\t<script>\n\t\t(function ( $ ) {\n\t\t\t\"use strict\";\n\n\t\t\t$(function () {\n\t\t\t\tvar masterslider_063e = new MasterSlider();\n\n\t\t\t\t\/\/ slider controls\n\n\t\t\t\t\/\/ slider setup\n\t\t\t\tmasterslider_063e.setup(\"MS69ea2089e063e\", {\n\t\t\t\t\t\twidth           : 1366,\n\t\t\t\t\t\theight          : 600,\n\t\t\t\t\t\tminHeight       : 0,\n\t\t\t\t\t\tspace           : 0,\n\t\t\t\t\t\tstart           : 1,\n\t\t\t\t\t\tgrabCursor      : true,\n\t\t\t\t\t\tswipe           : true,\n\t\t\t\t\t\tmouse           : true,\n\t\t\t\t\t\tlayout          : \"fullwidth\",\n\t\t\t\t\t\twheel           : false,\n\t\t\t\t\t\tautoplay        : true,\n\t\t\t\t\t\tinstantStartLayers:false,\n\t\t\t\t\t\tloop            : true,\n\t\t\t\t\t\tshuffle         : false,\n\t\t\t\t\t\tpreload         : 0,\n\t\t\t\t\t\theightLimit     : true,\n\t\t\t\t\t\tautoHeight      : true,\n\t\t\t\t\t\tsmoothHeight    : true,\n\t\t\t\t\t\tendPause        : false,\n\t\t\t\t\t\toverPause       : false,\n\t\t\t\t\t\tfillMode        : \"fill\",\n\t\t\t\t\t\tcenterControls  : true,\n\t\t\t\t\t\tstartOnAppear   : false,\n\t\t\t\t\t\tlayersMode      : \"center\",\n\t\t\t\t\t\thideLayers      : false,\n\t\t\t\t\t\tfullscreenMargin: 0,\n\t\t\t\t\t\tspeed           : 15,\n\t\t\t\t\t\tdir             : \"h\",\n\t\t\t\t\t\tparallaxMode    : 'swipe',\n\t\t\t\t\t\tview            : \"basic\"\n\t\t\t\t});\n\n\t\t\t\t\n\t\t\t\twindow.masterslider_instances = window.masterslider_instances || [];\n\t\t\t\twindow.masterslider_instances.push( masterslider_063e );\n\t\t\t });\n\n\t\t})(jQuery);\n\t\t<\/script>\n\nTRANSFORMANDO VIDAS O Instituto Camar\u00e1 apresenta uma s\u00e9rie de hist\u00f3rias reais e inspiradoras que d\u00e3o a dimens\u00e3o do impacto positivo que ele fez na vida de muita gente. Assista.ATUA\u00c7\u00c3O PROPOSITIVA E EMBASADA O Instituto Camar\u00e1 utiliza meios como oficinas culturais, assembleias comunit\u00e1rias e grupos de estudo em parceria com escolas p\u00fablicas, universidades e institutos [&hellip;]<\/p>\n","protected":false},"author":3,"featured_media":0,"parent":0,"menu_order":0,"comment_status":"closed","ping_status":"closed","template":"","meta":{"_et_pb_use_builder":"on","_et_pb_old_content":"","_et_gb_content_width":"","footnotes":""},"class_list":["post-56","page","type-page","status-publish","hentry"],"_links":{"self":[{"href":"https:\/\/camaracalunga.com\/camaranotapaulista\/wp-json\/wp\/v2\/pages\/56","targetHints":{"allow":["GET"]}}],"collection":[{"href":"https:\/\/camaracalunga.com\/camaranotapaulista\/wp-json\/wp\/v2\/pages"}],"about":[{"href":"https:\/\/camaracalunga.com\/camaranotapaulista\/wp-json\/wp\/v2\/types\/page"}],"author":[{"embeddable":true,"href":"https:\/\/camaracalunga.com\/camaranotapaulista\/wp-json\/wp\/v2\/users\/3"}],"replies":[{"embeddable":true,"href":"https:\/\/camaracalunga.com\/camaranotapaulista\/wp-json\/wp\/v2\/comments?post=56"}],"version-history":[{"count":46,"href":"https:\/\/camaracalunga.com\/camaranotapaulista\/wp-json\/wp\/v2\/pages\/56\/revisions"}],"predecessor-version":[{"id":276,"href":"https:\/\/camaracalunga.com\/camaranotapaulista\/wp-json\/wp\/v2\/pages\/56\/revisions\/276"}],"wp:attachment":[{"href":"https:\/\/camaracalunga.com\/camaranotapaulista\/wp-json\/wp\/v2\/media?parent=56"}],"curies":[{"name":"wp","href":"https:\/\/api.w.org\/{rel}","templated":true}]}}