{"id":63,"date":"2019-12-08T09:40:56","date_gmt":"2019-12-08T12:40:56","guid":{"rendered":"https:\/\/camaracalunga.com\/camaranotapaulista\/?page_id=63"},"modified":"2021-01-08T17:36:59","modified_gmt":"2021-01-08T20:36:59","slug":"nota-paulista","status":"publish","type":"page","link":"https:\/\/camaracalunga.com\/camaranotapaulista\/nota-paulista\/","title":{"rendered":"Nota Paulista"},"content":{"rendered":"<p>[et_pb_section fb_built=&#8221;1&#8243; _builder_version=&#8221;4.0.7&#8243; background_color=&#8221;#ededed&#8221;][et_pb_row column_structure=&#8221;3_5,2_5&#8243; _builder_version=&#8221;4.0.7&#8243;][et_pb_column type=&#8221;3_5&#8243; _builder_version=&#8221;4.0.7&#8243;][et_pb_text _builder_version=&#8221;4.7.7&#8243; header_font=&#8221;||||on|||#e09900|&#8221; header_text_color=&#8221;#e09900&#8243; header_font_size=&#8221;36px&#8221; hover_enabled=&#8221;0&#8243; sticky_enabled=&#8221;0&#8243;]<\/p>\n<h1>NOTA PAULISTA<\/h1>\n<p>[\/et_pb_text][et_pb_text _builder_version=&#8221;4.7.7&#8243; text_font_size=&#8221;18px&#8221; text_line_height=&#8221;1.8em&#8221; header_font=&#8221;|700||on||||#000000|solid&#8221; header_text_color=&#8221;#e09900&#8243; header_2_font=&#8221;|||on|||||&#8221; header_2_text_color=&#8221;#686868&#8243; header_2_font_size=&#8221;69px&#8221; hover_enabled=&#8221;0&#8243; sticky_enabled=&#8221;0&#8243;]<\/p>\n<p>O Programa \u201cNota Fiscal Paulista (NFP)\u201d \u00e9 uma iniciativa da Secretaria de Estado da Fazenda de SP, com o objetivo de reduzir a evas\u00e3o fiscal. Para isso, oferece a devolu\u00e7\u00e3o de parte do ICMS arrecadado aos consumidores cadastrados e que solicitam a inclus\u00e3o de seu CPF ao efetuar qualquer tipo de compra.<\/p>\n<p>Al\u00e9m de cr\u00e9ditos em conta banc\u00e1ria e abatimento de IPVA, o usu\u00e1rio tamb\u00e9m pode solicitar a doa\u00e7\u00e3o dos cr\u00e9ditos acumulados para as entidades que queira apoiar. Para isso, \u00e9 necess\u00e1rio que o interessado j\u00e1 seja cadastrado no sistema da NFP ou que realize o cadastro, seguindo as instru\u00e7\u00f5es no site <strong><a href=\"https:\/\/www.nfp.fazenda.sp.gov.br\">www.nfp.fazenda.sp.gov.br<\/a><\/strong>.<\/p>\n<p>Cadastrando entidades \u2013 para que as doa\u00e7\u00f5es sejam realizadas automaticamente ao informar seu CPF, \u00e9 preciso acessar o sistema da NFP e realizar seu login. Em seguida, \u00e9 preciso selecionar a aba \u201cEntidades\u201d, na parte superior da tela e clicar na op\u00e7\u00e3o \u201cDoa\u00e7\u00e3o de Cupons com CPF (autom\u00e1tica)\u201d. Na tela, ser\u00e1 solicitado o CNPJ da entidade. Caso voc\u00ea n\u00e3o tenha essa informa\u00e7\u00e3o, pode realizar uma pesquisa no pr\u00f3prio site, buscando por munic\u00edpio, \u00e1rea de atua\u00e7\u00e3o e\/ou raz\u00e3o social. A doa\u00e7\u00e3o pode ser selecionada para acontecer por at\u00e9 dois anos, sendo necess\u00e1ria renova\u00e7\u00e3o ao final desse per\u00edodo. Contudo, a doa\u00e7\u00e3o pode ser cancelada a qualquer momento.<\/p>\n<p>Apoiando o Instituto Camar\u00e1 Calunga \u2013 a institui\u00e7\u00e3o possui cadastro no sistema NFP e est\u00e1 apta para receber doa\u00e7\u00f5es por esse sistema. Os recursos permitem que sejam realizados projetos de promo\u00e7\u00e3o dos direitos humanos e atendimento a crian\u00e7as e adolescentes em diversos territ\u00f3rios da periferia de S\u00e3o Vicente. Para facilitar, basta seguir os passos acima e utilizar o CNPJ do Camar\u00e1: 02.360.954\/0001-30.<\/p>\n<p>[\/et_pb_text][\/et_pb_column][et_pb_column type=&#8221;2_5&#8243; _builder_version=&#8221;4.0.7&#8243;][et_pb_image src=&#8221;https:\/\/camaracalunga.com\/camaranotapaulista\/wp-content\/uploads\/2019\/12\/nfp2.png&#8221; _builder_version=&#8221;4.0.7&#8243;][\/et_pb_image][\/et_pb_column][\/et_pb_row][\/et_pb_section]<\/p>\n","protected":false},"excerpt":{"rendered":"<p>NOTA PAULISTAO Programa \u201cNota Fiscal Paulista (NFP)\u201d \u00e9 uma iniciativa da Secretaria de Estado da Fazenda de SP, com o objetivo de reduzir a evas\u00e3o fiscal. Para isso, oferece a devolu\u00e7\u00e3o de parte do ICMS arrecadado aos consumidores cadastrados e que solicitam a inclus\u00e3o de seu CPF ao efetuar qualquer tipo de compra. Al\u00e9m de [&hellip;]<\/p>\n","protected":false},"author":3,"featured_media":0,"parent":0,"menu_order":0,"comment_status":"closed","ping_status":"closed","template":"","meta":{"_et_pb_use_builder":"on","_et_pb_old_content":"","_et_gb_content_width":"","footnotes":""},"class_list":["post-63","page","type-page","status-publish","hentry"],"_links":{"self":[{"href":"https:\/\/camaracalunga.com\/camaranotapaulista\/wp-json\/wp\/v2\/pages\/63","targetHints":{"allow":["GET"]}}],"collection":[{"href":"https:\/\/camaracalunga.com\/camaranotapaulista\/wp-json\/wp\/v2\/pages"}],"about":[{"href":"https:\/\/camaracalunga.com\/camaranotapaulista\/wp-json\/wp\/v2\/types\/page"}],"author":[{"embeddable":true,"href":"https:\/\/camaracalunga.com\/camaranotapaulista\/wp-json\/wp\/v2\/users\/3"}],"replies":[{"embeddable":true,"href":"https:\/\/camaracalunga.com\/camaranotapaulista\/wp-json\/wp\/v2\/comments?post=63"}],"version-history":[{"count":11,"href":"https:\/\/camaracalunga.com\/camaranotapaulista\/wp-json\/wp\/v2\/pages\/63\/revisions"}],"predecessor-version":[{"id":281,"href":"https:\/\/camaracalunga.com\/camaranotapaulista\/wp-json\/wp\/v2\/pages\/63\/revisions\/281"}],"wp:attachment":[{"href":"https:\/\/camaracalunga.com\/camaranotapaulista\/wp-json\/wp\/v2\/media?parent=63"}],"curies":[{"name":"wp","href":"https:\/\/api.w.org\/{rel}","templated":true}]}}